{"id":460,"date":"2024-09-20T06:50:47","date_gmt":"2024-09-20T06:50:47","guid":{"rendered":"https:\/\/staging2.liquid-themes.com\/hub-starthub-fourteen\/?page_id=460"},"modified":"2025-02-20T15:05:58","modified_gmt":"2025-02-20T12:05:58","slug":"temas","status":"publish","type":"page","link":"https:\/\/eoscreative.art\/de\/temas\/","title":{"rendered":"Kontakt"},"content":{"rendered":"<div data-elementor-type=\"wp-page\" data-elementor-id=\"460\" class=\"elementor elementor-460\" data-elementor-post-type=\"page\">\n\t\t\t\t<div class=\"elementor-element elementor-element-8b12abd e-flex e-con-boxed e-con e-parent\" data-id=\"8b12abd\" data-element_type=\"container\" data-settings=\"{&quot;background_background&quot;:&quot;classic&quot;,&quot;shape_divider_bottom&quot;:&quot;lqd-custom-shape-8&quot;}\">\n\t\t\t\t\t<div class=\"e-con-inner\">\n\t\t\t\t<div class=\"elementor-shape elementor-shape-bottom\" data-negative=\"false\">\n\t\t\t<svg class=\"lqd-custom-shape\" xmlns=\"http:\/\/www.w3.org\/2000\/svg\" viewbox=\"0 0 1440 100\" preserveaspectratio=\"none\">\n    <path class=\"elementor-shape-fill\" id=\"Row_Separator\" data-name=\"Row Separator\" d=\"M1440,0Q1080,99,720,99T0,0V100H1440Z\" \/>\n<\/svg>\t\t<\/div>\n\t\t\t\t<div class=\"elementor-element elementor-element-f5ae87b elementor-widget elementor-widget-hub_fancy_heading\" data-id=\"f5ae87b\" data-element_type=\"widget\" data-widget_type=\"hub_fancy_heading.default\">\n\t\t\t\t<div class=\"elementor-widget-container\">\n\t\t\t\t\t\n\t\t<div id=\"ld-fancy-heading-69eb2a3fe5c9e\" class=\"ld-fancy-heading pos-rel\">\n\t\t\t<h1 class=\"ld-fh-element d-inline-block pos-rel  elementor-heading-title lqd-highlight-classic lqd-highlight-grow-left h1\"  > Kontakt<\/h1>\t\t<\/div>\n\n\t\t\t\t\t\t<\/div>\n\t\t\t\t<\/div>\n\t\t\t\t<div class=\"elementor-element elementor-element-f55dd51 elementor-widget elementor-widget-hub_fancy_heading\" data-id=\"f55dd51\" data-element_type=\"widget\" data-widget_type=\"hub_fancy_heading.default\">\n\t\t\t\t<div class=\"elementor-widget-container\">\n\t\t\t\t\t\n\t\t<div id=\"ld-fancy-heading-69eb2a3fe65bb\" class=\"ld-fancy-heading pos-rel\">\n\t\t\t<p class=\"ld-fh-element d-inline-block pos-rel  lqd-highlight-classic lqd-highlight-grow-left p\"  > Wir sind hier, um alle Ihre Fragen zu beantworten.\n<\/p>\t\t<\/div>\n\n\t\t\t\t\t\t<\/div>\n\t\t\t\t<\/div>\n\t\t\t\t\t<\/div>\n\t\t\t\t<\/div>\n\t\t<div class=\"elementor-element elementor-element-39d8d96 e-flex e-con-boxed e-con e-parent\" data-id=\"39d8d96\" data-element_type=\"container\" data-settings=\"{&quot;background_background&quot;:&quot;classic&quot;}\">\n\t\t\t\t\t<div class=\"e-con-inner\">\n\t\t<div class=\"elementor-element elementor-element-026ceb3 e-con-full e-flex e-con e-child\" data-id=\"026ceb3\" data-element_type=\"container\">\n\t\t\t\t<div class=\"elementor-element elementor-element-9e2d354 elementor-widget elementor-widget-hub_fancy_heading\" data-id=\"9e2d354\" data-element_type=\"widget\" data-widget_type=\"hub_fancy_heading.default\">\n\t\t\t\t<div class=\"elementor-widget-container\">\n\t\t\t\t\t\n\t\t<div id=\"ld-fancy-heading-69eb2a3fe6b9f\" class=\"ld-fancy-heading pos-rel\">\n\t\t\t<h2 class=\"ld-fh-element d-inline-block pos-rel  elementor-heading-title lqd-highlight-classic lqd-highlight-grow-left h2\"  > Kontakt<\/h2>\t\t<\/div>\n\n\t\t\t\t\t\t<\/div>\n\t\t\t\t<\/div>\n\t\t\t\t<div class=\"elementor-element elementor-element-ae9f066 elementor-widget__width-initial elementor-widget-tablet__width-inherit elementor-widget elementor-widget-hub_fancy_heading\" data-id=\"ae9f066\" data-element_type=\"widget\" data-widget_type=\"hub_fancy_heading.default\">\n\t\t\t\t<div class=\"elementor-widget-container\">\n\t\t\t\t\t\n\t\t<div id=\"ld-fancy-heading-69eb2a3fe7174\" class=\"ld-fancy-heading pos-rel\">\n\t\t\t<p class=\"ld-fh-element d-inline-block pos-rel  lqd-highlight-classic lqd-highlight-grow-left p\"  > Sie k\u00f6nnen sich bei Fragen, Anregungen und Kooperationsw\u00fcnschen an uns wenden. Unser Expertenteam steht Ihnen zur Verf\u00fcgung, um Ihnen die f\u00fcr Ihre Bed\u00fcrfnisse am besten geeigneten L\u00f6sungen anzubieten. Sie k\u00f6nnen uns kontaktieren, indem Sie das nebenstehende Formular ausf\u00fcllen oder die angegebenen Kontaktdaten verwenden.<\/p>\t\t<\/div>\n\n\t\t\t\t\t\t<\/div>\n\t\t\t\t<\/div>\n\t\t\t\t<div class=\"elementor-element elementor-element-103e104 elementor-align-left elementor-widget elementor-widget-ld_icon_box\" data-id=\"103e104\" data-element_type=\"widget\" data-widget_type=\"ld_icon_box.default\">\n\t\t\t\t<div class=\"elementor-widget-container\">\n\t\t\t\t\t\n\t\t\t<div id=\"ld_icon_box_103e104\" class=\"iconbox d-flex flex-grow-1 pos-rel flex-wrap align-items-center iconbox-inline\"   >\n\n\t\t\t\t\n\t\t\t\t<div class=\"iconbox-icon-wrap\"><div class=\"iconbox-icon-container d-inline-flex\"><svg xmlns=\"http:\/\/www.w3.org\/2000\/svg\" width=\"18\" height=\"19\" viewbox=\"0 0 18 19\" fill=\"none\"><g clip-path=\"url(#clip0_2639_584)\"><path d=\"M2.25 9.5C2.25 10.3864 2.42459 11.2642 2.76381 12.0831C3.10303 12.9021 3.60023 13.6462 4.22703 14.273C4.85382 14.8998 5.59794 15.397 6.41689 15.7362C7.23583 16.0754 8.11358 16.25 9 16.25C9.88642 16.25 10.7642 16.0754 11.5831 15.7362C12.4021 15.397 13.1462 14.8998 13.773 14.273C14.3998 13.6462 14.897 12.9021 15.2362 12.0831C15.5754 11.2642 15.75 10.3864 15.75 9.5C15.75 8.61358 15.5754 7.73583 15.2362 6.91689C14.897 6.09794 14.3998 5.35382 13.773 4.72703C13.1462 4.10023 12.4021 3.60303 11.5831 3.26381C10.7642 2.92459 9.88642 2.75 9 2.75C8.11358 2.75 7.23583 2.92459 6.41689 3.26381C5.59794 3.60303 4.85382 4.10023 4.22703 4.72703C3.60023 5.35382 3.10303 6.09794 2.76381 6.91689C2.42459 7.73583 2.25 8.61358 2.25 9.5Z\" stroke=\"#292929\" stroke-linecap=\"round\" stroke-linejoin=\"round\"><\/path><path d=\"M6.75 8C6.75 8.59674 6.98705 9.16903 7.40901 9.59099C7.83097 10.0129 8.40326 10.25 9 10.25C9.59674 10.25 10.169 10.0129 10.591 9.59099C11.0129 9.16903 11.25 8.59674 11.25 8C11.25 7.40326 11.0129 6.83097 10.591 6.40901C10.169 5.98705 9.59674 5.75 9 5.75C8.40326 5.75 7.83097 5.98705 7.40901 6.40901C6.98705 6.83097 6.75 7.40326 6.75 8Z\" stroke=\"#292929\" stroke-linecap=\"round\" stroke-linejoin=\"round\"><\/path><path d=\"M4.62598 14.6368C4.81161 14.0189 5.19145 13.4774 5.70916 13.0925C6.22687 12.7076 6.85486 12.4998 7.49998 12.5H10.5C11.1459 12.4998 11.7747 12.708 12.2928 13.0938C12.8108 13.4796 13.1906 14.0223 13.3755 14.6412\" stroke=\"#292929\" stroke-linecap=\"round\" stroke-linejoin=\"round\"><\/path><\/g><defs><clippath id=\"clip0_2639_584\"><rect width=\"18\" height=\"18\" fill=\"white\" transform=\"translate(0 0.5)\"><\/rect><\/clippath><\/defs><\/svg><\/div><\/div>\n\t\t\t\t<p class=\"lqd-iconbox-heading\" >\u00dcniversite Mah. S\u0131hhiye Sok. No:7\/B Avc\u0131lar\/\u0130stanbul <\/p>\n\t\t\t\t\n\t\t\t\t\n\t\t\t\t\t\t\t\t<p><\/p>\n\t\t\t\t\n\t\t\t\t\n\t\t\t\t\n\t\t\t<\/div>\n\n\t\t\t\t\t\t<\/div>\n\t\t\t\t<\/div>\n\t\t\t\t<div class=\"elementor-element elementor-element-8345fa7 elementor-align-left elementor-widget elementor-widget-ld_icon_box\" data-id=\"8345fa7\" data-element_type=\"widget\" data-widget_type=\"ld_icon_box.default\">\n\t\t\t\t<div class=\"elementor-widget-container\">\n\t\t\t\t\t\n\t\t\t<div id=\"ld_icon_box_8345fa7\" class=\"iconbox d-flex flex-grow-1 pos-rel flex-wrap align-items-center iconbox-inline\"   >\n\n\t\t\t\t\n\t\t\t\t<div class=\"iconbox-icon-wrap\"><div class=\"iconbox-icon-container d-inline-flex\"><svg xmlns=\"http:\/\/www.w3.org\/2000\/svg\" width=\"18\" height=\"19\" viewbox=\"0 0 18 19\" fill=\"none\"><g clip-path=\"url(#clip0_2639_578)\"><path d=\"M6 9.5C6 10.2956 6.31607 11.0587 6.87868 11.6213C7.44129 12.1839 8.20435 12.5 9 12.5C9.79565 12.5 10.5587 12.1839 11.1213 11.6213C11.6839 11.0587 12 10.2956 12 9.5C12 8.70435 11.6839 7.94129 11.1213 7.37868C10.5587 6.81607 9.79565 6.5 9 6.5C8.20435 6.5 7.44129 6.81607 6.87868 7.37868C6.31607 7.94129 6 8.70435 6 9.5Z\" stroke=\"#292929\" stroke-linecap=\"round\" stroke-linejoin=\"round\"><\/path><path d=\"M12 9.50001V10.625C12 11.1223 12.1975 11.5992 12.5492 11.9508C12.9008 12.3025 13.3777 12.5 13.875 12.5C14.3723 12.5 14.8492 12.3025 15.2008 11.9508C15.5525 11.5992 15.75 11.1223 15.75 10.625V9.50001C15.7519 8.04958 15.2865 6.63714 14.4228 5.4719C13.5591 4.30667 12.3431 3.45062 10.9548 3.03058C9.56652 2.61054 8.07987 2.64885 6.71508 3.13983C5.35028 3.63081 4.17993 4.54834 3.3774 5.75651C2.57488 6.96469 2.18285 8.39923 2.25941 9.84763C2.33597 11.296 2.87704 12.6812 3.80246 13.7981C4.72789 14.9149 5.98844 15.704 7.39739 16.0483C8.80634 16.3927 10.2887 16.2741 11.625 15.71\" stroke=\"#292929\" stroke-linecap=\"round\" stroke-linejoin=\"round\"><\/path><\/g><defs><clippath id=\"clip0_2639_578\"><rect width=\"18\" height=\"18\" fill=\"white\" transform=\"translate(0 0.5)\"><\/rect><\/clippath><\/defs><\/svg><\/div><\/div>\n\t\t\t\t<p class=\"lqd-iconbox-heading\" >info@eoscreative.art <\/p>\n\t\t\t\t\n\t\t\t\t\n\t\t\t\t\t\t\t\t<p><\/p>\n\t\t\t\t\n\t\t\t\t\n\t\t\t\t\n\t\t\t<\/div>\n\n\t\t\t\t\t\t<\/div>\n\t\t\t\t<\/div>\n\t\t\t\t<div class=\"elementor-element elementor-element-16697d0 elementor-align-left elementor-widget elementor-widget-ld_icon_box\" data-id=\"16697d0\" data-element_type=\"widget\" data-widget_type=\"ld_icon_box.default\">\n\t\t\t\t<div class=\"elementor-widget-container\">\n\t\t\t\t\t\n\t\t\t<div id=\"ld_icon_box_16697d0\" class=\"iconbox d-flex flex-grow-1 pos-rel flex-wrap align-items-center iconbox-inline\"   >\n\n\t\t\t\t\n\t\t\t\t<div class=\"iconbox-icon-wrap\"><div class=\"iconbox-icon-container d-inline-flex\"><svg xmlns=\"http:\/\/www.w3.org\/2000\/svg\" width=\"18\" height=\"19\" viewbox=\"0 0 18 19\" fill=\"none\"><g clip-path=\"url(#clip0_2639_571)\"><path d=\"M3.75 3.5H6.75L8.25 7.25L6.375 8.375C7.17822 10.0036 8.49635 11.3218 10.125 12.125L11.25 10.25L15 11.75V14.75C15 15.1478 14.842 15.5294 14.5607 15.8107C14.2794 16.092 13.8978 16.25 13.5 16.25C10.5744 16.0722 7.81512 14.8299 5.74262 12.7574C3.67013 10.6849 2.42779 7.92555 2.25 5C2.25 4.60218 2.40804 4.22064 2.68934 3.93934C2.97064 3.65804 3.35218 3.5 3.75 3.5Z\" stroke=\"#292929\" stroke-linecap=\"round\" stroke-linejoin=\"round\"><\/path><path d=\"M11.25 5.75C11.6478 5.75 12.0294 5.90804 12.3107 6.18934C12.592 6.47064 12.75 6.85218 12.75 7.25\" stroke=\"#292929\" stroke-linecap=\"round\" stroke-linejoin=\"round\"><\/path><path d=\"M11.25 2.75C12.4435 2.75 13.5881 3.22411 14.432 4.06802C15.2759 4.91193 15.75 6.05653 15.75 7.25\" stroke=\"#292929\" stroke-linecap=\"round\" stroke-linejoin=\"round\"><\/path><\/g><defs><clippath id=\"clip0_2639_571\"><rect width=\"18\" height=\"18\" fill=\"white\" transform=\"translate(0 0.5)\"><\/rect><\/clippath><\/defs><\/svg><\/div><\/div>\n\t\t\t\t<p class=\"lqd-iconbox-heading\" >0 (533) 693 62 82 <\/p>\n\t\t\t\t\n\t\t\t\t\n\t\t\t\t\t\t\t\t<p><\/p>\n\t\t\t\t\n\t\t\t\t\n\t\t\t\t\n\t\t\t<\/div>\n\n\t\t\t\t\t\t<\/div>\n\t\t\t\t<\/div>\n\t\t\t\t<\/div>\n\t\t<div class=\"elementor-element elementor-element-2591b76 e-con-full e-flex e-con e-child\" data-id=\"2591b76\" data-element_type=\"container\" data-settings=\"{&quot;background_background&quot;:&quot;classic&quot;}\">\n\t\t\t\t<div class=\"elementor-element elementor-element-bb48592 elementor-widget elementor-widget-ld_cf722\" data-id=\"bb48592\" data-element_type=\"widget\" data-widget_type=\"ld_cf722.default\">\n\t\t\t\t<div class=\"elementor-widget-container\">\n\t\t\t\t\t\n\t<div class=\"lqd-contact-form lqd-contact-form-inputs-filled  lqd-contact-form-inputs-circle lqd-contact-form-button-block  lqd-contact-form-button-lg lqd-contact-form-button-circle\">\n\t\t\n<div class=\"wpcf7 no-js\" id=\"wpcf7-f135-o1\" lang=\"en-US\" dir=\"ltr\" data-wpcf7-id=\"135\">\n<div class=\"screen-reader-response\"><p role=\"status\" aria-live=\"polite\" aria-atomic=\"true\"><\/p> <ul><\/ul><\/div>\n<form action=\"\/wp-json\/wp\/v2\/pages\/460\" method=\"post\" class=\"wpcf7-form init\" aria-label=\"Contact form\" novalidate=\"novalidate\" data-status=\"init\" data-trp-original-action=\"\/de\/wp-json\/wp\/v2\/pages\/460#wpcf7-f135-o1\">\n<div style=\"display: none;\">\n<input type=\"hidden\" name=\"_wpcf7\" value=\"135\" \/>\n<input type=\"hidden\" name=\"_wpcf7_version\" value=\"6.0.2\" \/>\n<input type=\"hidden\" name=\"_wpcf7_locale\" value=\"en_US\" \/>\n<input type=\"hidden\" name=\"_wpcf7_unit_tag\" value=\"wpcf7-f135-o1\" \/>\n<input type=\"hidden\" name=\"_wpcf7_container_post\" value=\"0\" \/>\n<input type=\"hidden\" name=\"_wpcf7_posted_data_hash\" value=\"\" \/>\n<\/div>\n<div class=\"row\">\n\t<div class=\"col-xs-12 col-sm-6\">\n\t\t<p><span class=\"wpcf7-form-control-wrap\" data-name=\"isim\"><input size=\"40\" maxlength=\"400\" class=\"wpcf7-form-control wpcf7-text wpcf7-validates-as-required\" aria-required=\"true\" aria-invalid=\"false\" placeholder=\"Name\" value=\"\" type=\"text\" name=\"isim\" \/><\/span>\n\t\t<\/p>\n\t<\/div>\n\t<div class=\"col-xs-12 col-sm-6\">\n\t\t<p><span class=\"wpcf7-form-control-wrap\" data-name=\"firma\"><input size=\"40\" maxlength=\"400\" class=\"wpcf7-form-control wpcf7-text wpcf7-validates-as-required\" aria-required=\"true\" aria-invalid=\"false\" placeholder=\"Unternehmens\" value=\"\" type=\"text\" name=\"firma\" \/><\/span>\n\t\t<\/p>\n\t<\/div>\n\t<div class=\"col-xs-12 col-sm-6\">\n\t\t<p><span class=\"wpcf7-form-control-wrap\" data-name=\"email\"><input size=\"40\" maxlength=\"400\" class=\"wpcf7-form-control wpcf7-email wpcf7-validates-as-required wpcf7-text wpcf7-validates-as-email\" aria-required=\"true\" aria-invalid=\"false\" placeholder=\"Email\" value=\"\" type=\"email\" name=\"email\" \/><\/span>\n\t\t<\/p>\n\t<\/div>\n\t<div class=\"col-xs-12 col-sm-6\">\n\t\t<p><span class=\"wpcf7-form-control-wrap\" data-name=\"tel\"><input size=\"40\" maxlength=\"400\" class=\"wpcf7-form-control wpcf7-tel wpcf7-validates-as-required wpcf7-text wpcf7-validates-as-tel\" aria-required=\"true\" aria-invalid=\"false\" placeholder=\"Telefon\" value=\"\" type=\"tel\" name=\"tel\" \/><\/span>\n\t\t<\/p>\n\t<\/div>\n\t<div class=\"col-xs-12 lqd-form-textarea\">\n\t\t<p><span class=\"wpcf7-form-control-wrap\" data-name=\"textarea-814\"><textarea cols=\"10\" rows=\"6\" maxlength=\"2000\" class=\"wpcf7-form-control wpcf7-textarea wpcf7-validates-as-required\" aria-required=\"true\" aria-invalid=\"false\" placeholder=\"Kurze Beschreibung Ihres Projekts\/Antrags\" name=\"textarea-814\"><\/textarea><\/span>\n\t\t<\/p>\n\t<\/div>\n\t<div class=\"col-xs-12\">\n\t\t<p><span class=\"wpcf7-form-control-wrap\" data-name=\"acceptance-661\"><span class=\"wpcf7-form-control wpcf7-acceptance optional\"><span class=\"wpcf7-list-item\"><label><input type=\"checkbox\" name=\"acceptance-661\" value=\"1\" aria-invalid=\"false\" \/><span class=\"wpcf7-list-item-label\">Ich akzeptiere die Datenschutzbestimmungen.<\/span><\/label><\/span><\/span><\/span>\n\t\t<\/p>\n\t<\/div>\n\t<div class=\"col-xs-12 text-center\">\n\t\t<p><input class=\"wpcf7-form-control wpcf7-submit has-spinner\" type=\"submit\" value=\"- Senden\" \/>\n\t\t<\/p>\n\t<\/div>\n<\/div><p style=\"display: none !important;\" class=\"akismet-fields-container\" data-prefix=\"_wpcf7_ak_\"><label>&#916;<textarea name=\"_wpcf7_ak_hp_textarea\" cols=\"45\" rows=\"8\" maxlength=\"100\"><\/textarea><\/label><input type=\"hidden\" id=\"ak_js_1\" name=\"_wpcf7_ak_js\" value=\"227\"\/><script>document.getElementById( \"ak_js_1\" ).setAttribute( \"value\", ( new Date() ).getTime() );<\/script><\/p><div class=\"wpcf7-response-output\" aria-hidden=\"true\"><\/div>\n<input type=\"hidden\" name=\"trp-form-language\" value=\"de\"\/><\/form>\n<\/div>\n\t<\/div>\n\n\t\t\t\t\t<\/div>\n\t\t\t\t<\/div>\n\t\t\t\t<\/div>\n\t\t\t\t\t<\/div>\n\t\t\t\t<\/div>\n\t\t<div class=\"elementor-element elementor-element-fa88bfd e-con-full e-flex e-con e-parent\" data-id=\"fa88bfd\" data-element_type=\"container\">\n\t\t\t\t<div class=\"elementor-element elementor-element-83dbaa7 elementor-widget elementor-widget-google_maps\" data-id=\"83dbaa7\" data-element_type=\"widget\" data-widget_type=\"google_maps.default\">\n\t\t\t\t<div class=\"elementor-widget-container\">\n\t\t\t\t\t\t\t<div class=\"elementor-custom-embed\">\n\t\t\t<iframe loading=\"lazy\"\n\t\t\t\t\tsrc=\"https:\/\/maps.google.com\/maps?q=S%C4%B1hhiye%20Sok.%20No%3A7%2FB&#038;t=m&#038;z=15&#038;output=embed&#038;iwloc=near\"\n\t\t\t\t\ttitle=\"S\u0131hhiye Sok. No:7\/B\"\n\t\t\t\t\taria-label=\"S\u0131hhiye Sok. No:7\/B\"\n\t\t\t><\/iframe>\n\t\t<\/div>\n\t\t\t\t\t\t<\/div>\n\t\t\t\t<\/div>\n\t\t\t\t<\/div>\n\t\t\t\t<\/div>","protected":false},"excerpt":{"rendered":"<p>\u0130leti\u015fim Akl\u0131n\u0131za gelebilecek herhangi bir soruyu cevaplamak i\u00e7in buraday\u0131z. Bize Ula\u015f\u0131n Her t\u00fcrl\u00fc soru, \u00f6neri ve i\u015fbirli\u011fi talepleriniz i\u00e7in bizimle ileti\u015fime ge\u00e7ebilirsiniz. Uzman ekibimiz, ihtiya\u00e7lar\u0131n\u0131za en uygun \u00e7\u00f6z\u00fcmleri sunmak i\u00e7in burada. Yandaki formu doldurarak ya da belirtilen ileti\u015fim bilgilerini kullanarak bize ula\u015fabilirsiniz. \u00dcniversite Mah. S\u0131hhiye Sok. No:7\/B Avc\u0131lar\/\u0130stanbul info@eoscreative.art 0 (533) 693 62 82 I [&hellip;]<\/p>","protected":false},"author":1,"featured_media":0,"parent":0,"menu_order":0,"comment_status":"closed","ping_status":"closed","template":"","meta":{"footnotes":""},"class_list":["post-460","page","type-page","status-publish","hentry"],"_links":{"self":[{"href":"https:\/\/eoscreative.art\/de\/wp-json\/wp\/v2\/pages\/460","targetHints":{"allow":["GET"]}}],"collection":[{"href":"https:\/\/eoscreative.art\/de\/wp-json\/wp\/v2\/pages"}],"about":[{"href":"https:\/\/eoscreative.art\/de\/wp-json\/wp\/v2\/types\/page"}],"author":[{"embeddable":true,"href":"https:\/\/eoscreative.art\/de\/wp-json\/wp\/v2\/users\/1"}],"replies":[{"embeddable":true,"href":"https:\/\/eoscreative.art\/de\/wp-json\/wp\/v2\/comments?post=460"}],"version-history":[{"count":15,"href":"https:\/\/eoscreative.art\/de\/wp-json\/wp\/v2\/pages\/460\/revisions"}],"predecessor-version":[{"id":9144,"href":"https:\/\/eoscreative.art\/de\/wp-json\/wp\/v2\/pages\/460\/revisions\/9144"}],"wp:attachment":[{"href":"https:\/\/eoscreative.art\/de\/wp-json\/wp\/v2\/media?parent=460"}],"curies":[{"name":"wp","href":"https:\/\/api.w.org\/{rel}","templated":true}]}}